{"id":9956,"date":"2025-10-29T08:32:16","date_gmt":"2025-10-29T07:32:16","guid":{"rendered":"https:\/\/nosebonk.com\/?page_id=9956"},"modified":"2025-10-29T08:48:11","modified_gmt":"2025-10-29T07:48:11","slug":"newsletter-2","status":"publish","type":"page","link":"https:\/\/nosebonk.com\/es\/newsletter-2\/","title":{"rendered":"Newsletter \u2014 historias, arte y skate de Nosebonk"},"content":{"rendered":"\n<div class=\"wp-block-uagb-container uagb-block-3vtd6xd7 alignfull uagb-is-root-container\"><div class=\"uagb-container-inner-blocks-wrap\">\n<div class=\"wp-block-uagb-container uagb-block-e3ee66b1\">\n<div class=\"wp-block-uagb-container uagb-block-qagc8j4t\">\n<div class=\"wp-block-group is-nowrap is-layout-flex wp-container-core-group-is-layout-f66f9956 wp-block-group-is-layout-flex\">\n<div class=\"wp-block-uagb-container uagb-block-7cd06dbd\">\n<div class=\"wp-block-uagb-info-box uagb-block-xnlbitc6 uagb-infobox__content-wrap  uagb-infobox-icon-above-title uagb-infobox-image-valign-top\"><div class=\"uagb-ifb-content\"><div class=\"uagb-ifb-title-wrap\"><h3 class=\"uagb-ifb-title\"><br><strong>\u00danete a nuestra newsletter\u00a0<\/strong><br>\u2013 Historias, arte y skate directo desde Nosebonk<\/h3><\/div><\/div><\/div>\n<\/div>\n<\/div>\n\n\n\n<div class=\"wp-block-uagb-container uagb-block-ba34f719\"><style id=\"wpforms-css-vars-6424-block-e5441cb4-e31f-41b9-b659-594de9ecb8c6\">\n\t\t\t\t#wpforms-6424.wpforms-block-e5441cb4-e31f-41b9-b659-594de9ecb8c6 {\n\t\t\t\t--wpforms-label-color: #ffffff;\n--wpforms-label-sublabel-color: #ffffff;\n--wpforms-field-background-color: var(--ast-global-color-8);\n--wpforms-field-border-color: var(--ast-global-color-2);\n--wpforms-field-border-color-spare: var(--ast-global-color-2);\n--wpforms-field-text-color: var(--ast-global-color-2);\n--wpforms-field-menu-color: rgba( 0, 0, 0, 0 );\n--wpforms-container-padding: 30px;\n--wpforms-container-border-radius: 5px;\n--wpforms-button-background-color: #ff6900;\n--wpforms-button-text-color: var(--ast-global-color-2);\n--wpforms-background-color: var(--ast-global-color-2);\n--wpforms-field-size-input-height: 43px;\n--wpforms-field-size-input-spacing: 15px;\n--wpforms-field-size-font-size: 16px;\n--wpforms-field-size-line-height: 19px;\n--wpforms-field-size-padding-h: 14px;\n--wpforms-field-size-checkbox-size: 16px;\n--wpforms-field-size-sublabel-spacing: 5px;\n--wpforms-field-size-icon-size: 1;\n--wpforms-label-size-font-size: 16px;\n--wpforms-label-size-line-height: 19px;\n--wpforms-label-size-sublabel-font-size: 14px;\n--wpforms-label-size-sublabel-line-height: 17px;\n--wpforms-button-size-font-size: 17px;\n--wpforms-button-size-height: 41px;\n--wpforms-button-size-padding-h: 15px;\n--wpforms-button-size-margin-top: 10px;\n--wpforms-container-shadow-size-box-shadow: none;\n\t\t\t}\n\t\t\t<\/style><div class=\"wpforms-container wpforms-container-full wpforms-block wpforms-block-e5441cb4-e31f-41b9-b659-594de9ecb8c6 wpforms-render-modern\" id=\"wpforms-6424\"><form id=\"wpforms-form-6424\" class=\"wpforms-validate wpforms-form wpforms-ajax-form\" data-formid=\"6424\" method=\"post\" enctype=\"multipart\/form-data\" action=\"\/es\/wp-json\/wp\/v2\/pages\/9956\" data-token=\"1cc658f8f02dbae9ce374be8398a7a32\" data-token-time=\"1776963440\"><div class=\"wpforms-head-container\"><div class=\"wpforms-title\">Nosebonk Newsletter<\/div><\/div><noscript class=\"wpforms-error-noscript\">Por favor, activa JavaScript en tu navegador para completar este formulario.<\/noscript><div id=\"wpforms-error-noscript\" style=\"display: none;\">Por favor, activa JavaScript en tu navegador para completar este formulario.<\/div><div class=\"wpforms-field-container\"><div id=\"wpforms-6424-field_5-container\" class=\"wpforms-field wpforms-field-name\" data-field-id=\"5\"><label class=\"wpforms-field-label\" for=\"wpforms-6424-field_5\">Name <span class=\"wpforms-required-label\" aria-hidden=\"true\">*<\/span><\/label><input type=\"text\" id=\"wpforms-6424-field_5\" class=\"wpforms-field-large wpforms-field-required\" name=\"wpforms[fields][5]\" placeholder=\"What&#039;s your name?\" aria-errormessage=\"wpforms-6424-field_5-error\" required><\/div>\t\t<div id=\"wpforms-6424-field_2-container\"\n\t\t\tclass=\"wpforms-field wpforms-field-text\"\n\t\t\tdata-field-type=\"text\"\n\t\t\tdata-field-id=\"2\"\n\t\t\t>\n\t\t\t<label class=\"wpforms-field-label\" for=\"wpforms-6424-field_2\" >Agreement Email Name<\/label>\n\t\t\t<input type=\"text\" id=\"wpforms-6424-field_2\" class=\"wpforms-field-medium\" name=\"wpforms[fields][2]\" >\n\t\t<\/div>\n\t\t<div id=\"wpforms-6424-field_1-container\" class=\"wpforms-field wpforms-field-email\" data-field-id=\"1\"><label class=\"wpforms-field-label\" for=\"wpforms-6424-field_1\">Email <span class=\"wpforms-required-label\" aria-hidden=\"true\">*<\/span><\/label><input type=\"email\" id=\"wpforms-6424-field_1\" class=\"wpforms-field-large wpforms-field-required\" name=\"wpforms[fields][1]\" placeholder=\"Your email\" spellcheck=\"false\" aria-errormessage=\"wpforms-6424-field_1-error\" required><\/div><div id=\"wpforms-6424-field_4-container\" class=\"wpforms-field wpforms-field-gdpr-checkbox\" data-field-id=\"4\"><label class=\"wpforms-field-label\">GDPR Agreement <span class=\"wpforms-required-label\" aria-hidden=\"true\">*<\/span><\/label><ul id=\"wpforms-6424-field_4\" class=\"wpforms-field-required\"><li class=\"choice-1\"><input type=\"checkbox\" id=\"wpforms-6424-field_4_1\" name=\"wpforms[fields][4][]\" value=\"I agree to receive emails from Nosebonk and allow my info to be stored for this purpose only.\" aria-errormessage=\"wpforms-6424-field_4_1-error\" required ><label class=\"wpforms-field-label-inline\" for=\"wpforms-6424-field_4_1\">I agree to receive emails from Nosebonk and allow my info to be stored for this purpose only.<\/label><\/li><\/ul><\/div><script>\n\t\t\t\t( function() {\n\t\t\t\t\tconst style = document.createElement( 'style' );\n\t\t\t\t\tstyle.appendChild( document.createTextNode( '#wpforms-6424-field_2-container { position: absolute !important; overflow: hidden !important; display: inline !important; height: 1px !important; width: 1px !important; z-index: -1000 !important; padding: 0 !important; } #wpforms-6424-field_2-container input { visibility: hidden; } #wpforms-conversational-form-page #wpforms-6424-field_2-container label { counter-increment: none; }' ) );\n\t\t\t\t\tdocument.head.appendChild( style );\n\t\t\t\t\tdocument.currentScript?.remove();\n\t\t\t\t} )();\n\t\t\t<\/script><\/div><!-- .wpforms-field-container --><div class=\"wpforms-submit-container\" ><input type=\"hidden\" name=\"wpforms[id]\" value=\"6424\"><input type=\"hidden\" name=\"page_title\" value=\"\"><input type=\"hidden\" name=\"page_url\" value=\"https:\/\/nosebonk.com\/es\/wp-json\/wp\/v2\/pages\/9956\"><input type=\"hidden\" name=\"url_referer\" value=\"\"><button type=\"submit\" name=\"wpforms[submit]\" id=\"wpforms-submit-6424\" class=\"wpforms-submit\" data-alt-text=\"Sending...\" data-submit-text=\"Join for updates and new drops\" aria-live=\"assertive\" value=\"wpforms-submit\">Join for updates and new drops<\/button><img decoding=\"async\" src=\"https:\/\/nosebonk.com\/wp-content\/plugins\/wpforms\/assets\/images\/submit-spin.svg\" class=\"wpforms-submit-spinner\" style=\"display: none;\" width=\"26\" height=\"26\" alt=\"Cargando\"><\/div><\/form><\/div>  <!-- .wpforms-container --><\/div>\n<\/div>\n<\/div>\n<\/div><\/div>\n\n\n\n<div class=\"wp-block-uagb-container uagb-block-58727f79 alignfull uagb-is-root-container\"><div class=\"uagb-container-inner-blocks-wrap\">\n<div class=\"wp-block-uagb-container uagb-block-1e02b124 alignfull uagb-is-root-container\"><div class=\"uagb-container-inner-blocks-wrap\">\n<div class=\"wp-block-uagb-advanced-heading uagb-block-fb328c1e\"><h2 class=\"uagb-heading-text\">More Skate. More Nosebonk.<\/h2><\/div>\n\n\n\n<div class=\"wp-block-columns is-layout-flex wp-container-core-columns-is-layout-28f84493 wp-block-columns-is-layout-flex\">\n<div class=\"wp-block-column is-layout-flow wp-block-column-is-layout-flow\">\n<div class=\"wp-block-uagb-image aligncenter uagb-block-1f2c3f55 wp-block-uagb-image--layout-default wp-block-uagb-image--effect-static wp-block-uagb-image--align-center\"><figure class=\"wp-block-uagb-image__figure\"><img loading=\"lazy\" decoding=\"async\" srcset=\"https:\/\/nosebonk.com\/wp-content\/uploads\/2025\/06\/Skate-and-art-book-cover-229x300.webp ,https:\/\/nosebonk.com\/wp-content\/uploads\/2025\/06\/Skate-and-art-book-cover.webp 780w, https:\/\/nosebonk.com\/wp-content\/uploads\/2025\/06\/Skate-and-art-book-cover.webp 360w\" sizes=\"auto, (max-width: 480px) 150px\" src=\"https:\/\/nosebonk.com\/wp-content\/uploads\/2025\/06\/Skate-and-art-book-cover-229x300.webp\" alt=\"Skate graphic artist book cover and back cover design of Skate &amp; Art published by Lannoo\" class=\"uag-image-5524\" width=\"229\" height=\"300\" title=\"Skate-and-art-book-cover\" loading=\"lazy\" role=\"img\"\/><\/figure><\/div>\n<\/div>\n\n\n\n<div class=\"wp-block-column is-layout-flow wp-block-column-is-layout-flow\">\n<div class=\"wp-block-uagb-info-box uagb-block-313925f0 uagb-infobox__content-wrap  uagb-infobox-icon-above-title uagb-infobox-image-valign-top\"><div class=\"uagb-ifb-content\"><div class=\"uagb-ifb-icon-wrap\"><svg xmlns=\"https:\/\/www.w3.org\/2000\/svg\" viewBox=\"0 0 576 512\"><path d=\"M96 0C107.5 0 117.4 8.19 119.6 19.51L121.1 32H541.8C562.1 32 578.3 52.25 572.6 72.66L518.6 264.7C514.7 278.5 502.1 288 487.8 288H170.7L179.9 336H488C501.3 336 512 346.7 512 360C512 373.3 501.3 384 488 384H159.1C148.5 384 138.6 375.8 136.4 364.5L76.14 48H24C10.75 48 0 37.25 0 24C0 10.75 10.75 0 24 0H96zM128 464C128 437.5 149.5 416 176 416C202.5 416 224 437.5 224 464C224 490.5 202.5 512 176 512C149.5 512 128 490.5 128 464zM512 464C512 490.5 490.5 512 464 512C437.5 512 416 490.5 416 464C416 437.5 437.5 416 464 416C490.5 416 512 437.5 512 464z\"><\/path><\/svg><\/div><div class=\"uagb-ifb-title-wrap\"><h2 class=\"uagb-ifb-title-prefix\">Featured in Skate &amp; Art book (Lannoo, 2024)<\/h2><\/div><div class=\"uagb-ifb-desc\">\n<p>Erik\u2019s work was selected for the visual graphics book, a European publication showcasing 23 artists who merge skateboarding and visual culture.<br><br>\ud83d\udd17 <a href=\"\/skate-art-book-featuring-erik-ziegler-nosebonk\">See Erik\u2019s full interview \u2192<\/a><br>\ud83d\udcd6 <a href=\"https:\/\/www.amazon.com\/Skate-Art-Artists-Inspired-Skateboarding\/dp\/902092799X\" target=\"_blank\" rel=\"noreferrer noopener\">Buy the book on Amazon<\/a><br><\/p>\n<\/div><\/div><\/div>\n<\/div>\n\n\n\n<div class=\"wp-block-column is-layout-flow wp-block-column-is-layout-flow\">\n<div class=\"wp-block-uagb-image aligncenter uagb-block-d12cda54 wp-block-uagb-image--layout-default wp-block-uagb-image--effect-static wp-block-uagb-image--align-center\"><figure class=\"wp-block-uagb-image__figure\"><img loading=\"lazy\" decoding=\"async\" srcset=\"https:\/\/nosebonk.com\/wp-content\/uploads\/2025\/06\/bowl_religion_home-225x300.webp ,https:\/\/nosebonk.com\/wp-content\/uploads\/2025\/06\/bowl_religion_home.webp 780w, https:\/\/nosebonk.com\/wp-content\/uploads\/2025\/06\/bowl_religion_home.webp 360w\" sizes=\"auto, (max-width: 480px) 150px\" src=\"https:\/\/nosebonk.com\/wp-content\/uploads\/2025\/06\/bowl_religion_home-225x300.webp\" alt=\"Bowl Religion T-shirt, mixing Skate and punk\" class=\"uag-image-5320\" width=\"225\" height=\"300\" title=\"bowl_religion_home\" loading=\"lazy\" role=\"img\"\/><\/figure><\/div>\n<\/div>\n\n\n\n<div class=\"wp-block-column is-layout-flow wp-block-column-is-layout-flow\">\n<div class=\"wp-block-uagb-info-box uagb-block-efd41547 uagb-infobox__content-wrap  uagb-infobox-icon-above-title uagb-infobox-image-valign-top\"><div class=\"uagb-ifb-content\"><div class=\"uagb-ifb-icon-wrap\"><svg xmlns=\"https:\/\/www.w3.org\/2000\/svg\" viewBox=\"0 0 640 512\"><path d=\"M640 162.8c0 6.917-2.293 13.88-7.012 19.7l-49.96 61.63c-6.32 7.796-15.62 11.85-25.01 11.85c-7.01 0-14.07-2.262-19.97-6.919L480 203.3V464c0 26.51-21.49 48-48 48H208C181.5 512 160 490.5 160 464V203.3L101.1 249.1C96.05 253.7 88.99 255.1 81.98 255.1c-9.388 0-18.69-4.057-25.01-11.85L7.012 182.5C2.292 176.7-.0003 169.7-.0003 162.8c0-9.262 4.111-18.44 12.01-24.68l135-106.6C159.8 21.49 175.7 16 191.1 16H225.6C233.3 61.36 272.5 96 320 96s86.73-34.64 94.39-80h33.6c16.35 0 32.22 5.49 44.99 15.57l135 106.6C635.9 144.4 640 153.6 640 162.8z\"><\/path><\/svg><\/div><div class=\"uagb-ifb-title-wrap\"><h2 class=\"uagb-ifb-title-prefix\">Featured T-Shirt:<br>Bowl Religion Tee<\/h2><\/div><p class=\"uagb-ifb-desc\"> The Bowl Religion tee is a graphic tribute to punk, skate culture, and the iconic music we grew up skating to.<br><br><\/p><div class=\"uagb-ifb-button-wrapper wp-block-button\"><a href=\"bowl-religion-skate-tee\/\" class=\"uagb-infobox-cta-link ast-outline-button\" target=\"_self\" rel=\"noopener noreferrer\" style=\"border-width:revert-layer\" onclick=\"return true;\"><span class=\"uagb-inline-editing\">Join the Waitlist<\/span><svg xmlns=\"https:\/\/www.w3.org\/2000\/svg\" viewBox=\"0 0 512 512\"><path d=\"M504.3 273.6l-112.1 104c-6.992 6.484-17.18 8.218-25.94 4.406c-8.758-3.812-14.42-12.45-14.42-21.1L351.9 288H32C14.33 288 .0002 273.7 .0002 255.1S14.33 224 32 224h319.9l0-72c0-9.547 5.66-18.19 14.42-22c8.754-3.809 18.95-2.075 25.94 4.41l112.1 104C514.6 247.9 514.6 264.1 504.3 273.6z\"><\/path><\/svg><\/a><\/div><\/div><\/div>\n<\/div>\n<\/div>\n<\/div><\/div>\n<\/div><\/div>\n\n\n\n<p><\/p>\n","protected":false},"excerpt":{"rendered":"","protected":false},"author":1,"featured_media":0,"parent":0,"menu_order":0,"comment_status":"closed","ping_status":"closed","template":"","meta":{"inline_featured_image":false,"_uag_custom_page_level_css":"","site-sidebar-layout":"default","site-content-layout":"","ast-site-content-layout":"default","site-content-style":"default","site-sidebar-style":"default","ast-global-header-display":"","ast-banner-title-visibility":"","ast-main-header-display":"","ast-hfb-above-header-display":"","ast-hfb-below-header-display":"","ast-hfb-mobile-header-display":"","site-post-title":"disabled","ast-breadcrumbs-content":"","ast-featured-img":"","footer-sml-layout":"","ast-disable-related-posts":"","theme-transparent-header-meta":"","adv-header-id-meta":"","stick-header-meta":"","header-above-stick-meta":"","header-main-stick-meta":"","header-below-stick-meta":"","astra-migrate-meta-layouts":"set","ast-page-background-enabled":"default","ast-page-background-meta":{"desktop":{"background-color":"var(--ast-global-color-4)","background-image":"","background-repeat":"repeat","background-position":"center center","background-size":"auto","background-attachment":"scroll","background-type":"","background-media":"","overlay-type":"","overlay-color":"","overlay-opacity":"","overlay-gradient":""},"tablet":{"background-color":"","background-image":"","background-repeat":"repeat","background-position":"center center","background-size":"auto","background-attachment":"scroll","background-type":"","background-media":"","overlay-type":"","overlay-color":"","overlay-opacity":"","overlay-gradient":""},"mobile":{"background-color":"","background-image":"","background-repeat":"repeat","background-position":"center center","background-size":"auto","background-attachment":"scroll","background-type":"","background-media":"","overlay-type":"","overlay-color":"","overlay-opacity":"","overlay-gradient":""}},"ast-content-background-meta":{"desktop":{"background-color":"var(--ast-global-color-5)","background-image":"","background-repeat":"repeat","background-position":"center center","background-size":"auto","background-attachment":"scroll","background-type":"","background-media":"","overlay-type":"","overlay-color":"","overlay-opacity":"","overlay-gradient":""},"tablet":{"background-color":"var(--ast-global-color-5)","background-image":"","background-repeat":"repeat","background-position":"center center","background-size":"auto","background-attachment":"scroll","background-type":"","background-media":"","overlay-type":"","overlay-color":"","overlay-opacity":"","overlay-gradient":""},"mobile":{"background-color":"var(--ast-global-color-5)","background-image":"","background-repeat":"repeat","background-position":"center center","background-size":"auto","background-attachment":"scroll","background-type":"","background-media":"","overlay-type":"","overlay-color":"","overlay-opacity":"","overlay-gradient":""}},"footnotes":""},"class_list":["post-9956","page","type-page","status-publish","hentry"],"yoast_head":"<!-- This site is optimized with the Yoast SEO plugin v27.4 - https:\/\/yoast.com\/product\/yoast-seo-wordpress\/ -->\n<title>Newsletter: Skate, arte y dise\u00f1o para seguir patinando despu\u00e9s de patinar<\/title>\n<meta name=\"description\" content=\"Suscr\u00edbete al bolet\u00edn de Nosebonk y recibe historias, arte y dise\u00f1o del skate, contadas desde la obsesi\u00f3n y el amor por el pat\u00edn.\" \/>\n<meta name=\"robots\" content=\"index, follow, max-snippet:-1, max-image-preview:large, max-video-preview:-1\" \/>\n<link rel=\"canonical\" href=\"https:\/\/nosebonk.com\/es\/newsletter-2\/\" \/>\n<meta property=\"og:locale\" content=\"es_ES\" \/>\n<meta property=\"og:type\" content=\"article\" \/>\n<meta property=\"og:title\" content=\"Newsletter: Skate, arte y dise\u00f1o para seguir patinando despu\u00e9s de patinar\" \/>\n<meta property=\"og:description\" content=\"Suscr\u00edbete al bolet\u00edn de Nosebonk y recibe historias, arte y dise\u00f1o del skate, contadas desde la obsesi\u00f3n y el amor por el pat\u00edn.\" \/>\n<meta property=\"og:url\" content=\"https:\/\/nosebonk.com\/es\/newsletter-2\/\" \/>\n<meta property=\"og:site_name\" content=\"Nosebonk Skateboarding\" \/>\n<meta property=\"article:modified_time\" content=\"2025-10-29T07:48:11+00:00\" \/>\n<meta name=\"twitter:card\" content=\"summary_large_image\" \/>\n<meta name=\"twitter:label1\" content=\"Tiempo de lectura\" \/>\n\t<meta name=\"twitter:data1\" content=\"1 minuto\" \/>\n<script type=\"application\/ld+json\" class=\"yoast-schema-graph\">{\"@context\":\"https:\\\/\\\/schema.org\",\"@graph\":[{\"@type\":\"WebPage\",\"@id\":\"https:\\\/\\\/nosebonk.com\\\/es\\\/newsletter-2\\\/\",\"url\":\"https:\\\/\\\/nosebonk.com\\\/es\\\/newsletter-2\\\/\",\"name\":\"Newsletter: Skate, arte y dise\u00f1o para seguir patinando despu\u00e9s de patinar\",\"isPartOf\":{\"@id\":\"https:\\\/\\\/nosebonk.com\\\/es\\\/#website\"},\"datePublished\":\"2025-10-29T07:32:16+00:00\",\"dateModified\":\"2025-10-29T07:48:11+00:00\",\"description\":\"Suscr\u00edbete al bolet\u00edn de Nosebonk y recibe historias, arte y dise\u00f1o del skate, contadas desde la obsesi\u00f3n y el amor por el pat\u00edn.\",\"breadcrumb\":{\"@id\":\"https:\\\/\\\/nosebonk.com\\\/es\\\/newsletter-2\\\/#breadcrumb\"},\"inLanguage\":\"es\",\"potentialAction\":[{\"@type\":\"ReadAction\",\"target\":[\"https:\\\/\\\/nosebonk.com\\\/es\\\/newsletter-2\\\/\"]}]},{\"@type\":\"BreadcrumbList\",\"@id\":\"https:\\\/\\\/nosebonk.com\\\/es\\\/newsletter-2\\\/#breadcrumb\",\"itemListElement\":[{\"@type\":\"ListItem\",\"position\":1,\"name\":\"Portada\",\"item\":\"https:\\\/\\\/nosebonk.com\\\/es\\\/\"},{\"@type\":\"ListItem\",\"position\":2,\"name\":\"Newsletter \u2014 historias, arte y skate de Nosebonk\"}]},{\"@type\":\"WebSite\",\"@id\":\"https:\\\/\\\/nosebonk.com\\\/es\\\/#website\",\"url\":\"https:\\\/\\\/nosebonk.com\\\/es\\\/\",\"name\":\"Nosebonk Skateboarding\",\"description\":\"Independent skate tees &amp; prints \",\"publisher\":{\"@id\":\"https:\\\/\\\/nosebonk.com\\\/es\\\/#\\\/schema\\\/person\\\/35d9a31235d28baa9bbffeb465f69245\"},\"alternateName\":\"Nosebonk\",\"potentialAction\":[{\"@type\":\"SearchAction\",\"target\":{\"@type\":\"EntryPoint\",\"urlTemplate\":\"https:\\\/\\\/nosebonk.com\\\/es\\\/?s={search_term_string}\"},\"query-input\":{\"@type\":\"PropertyValueSpecification\",\"valueRequired\":true,\"valueName\":\"search_term_string\"}}],\"inLanguage\":\"es\"},{\"@type\":[\"Person\",\"Organization\"],\"@id\":\"https:\\\/\\\/nosebonk.com\\\/es\\\/#\\\/schema\\\/person\\\/35d9a31235d28baa9bbffeb465f69245\",\"name\":\"Erik Ziegler\",\"image\":{\"@type\":\"ImageObject\",\"inLanguage\":\"es\",\"@id\":\"https:\\\/\\\/nosebonk.com\\\/wp-content\\\/uploads\\\/2024\\\/09\\\/1650294545555.jpeg\",\"url\":\"https:\\\/\\\/nosebonk.com\\\/wp-content\\\/uploads\\\/2024\\\/09\\\/1650294545555.jpeg\",\"contentUrl\":\"https:\\\/\\\/nosebonk.com\\\/wp-content\\\/uploads\\\/2024\\\/09\\\/1650294545555.jpeg\",\"width\":200,\"height\":200,\"caption\":\"Erik Ziegler\"},\"logo\":{\"@id\":\"https:\\\/\\\/nosebonk.com\\\/wp-content\\\/uploads\\\/2024\\\/09\\\/1650294545555.jpeg\"},\"sameAs\":[\"https:\\\/\\\/nosebonk.com\",\"https:\\\/\\\/www.instagram.com\\\/nosebonkgraphics\\\/\",\"https:\\\/\\\/www.linkedin.com\\\/in\\\/erikziegler-design\\\/?originalSubdomain=es\"]}]}<\/script>\n<!-- \/ Yoast SEO plugin. -->","yoast_head_json":{"title":"Newsletter: Skate, arte y dise\u00f1o para seguir patinando despu\u00e9s de patinar","description":"Suscr\u00edbete al bolet\u00edn de Nosebonk y recibe historias, arte y dise\u00f1o del skate, contadas desde la obsesi\u00f3n y el amor por el pat\u00edn.","robots":{"index":"index","follow":"follow","max-snippet":"max-snippet:-1","max-image-preview":"max-image-preview:large","max-video-preview":"max-video-preview:-1"},"canonical":"https:\/\/nosebonk.com\/es\/newsletter-2\/","og_locale":"es_ES","og_type":"article","og_title":"Newsletter: Skate, arte y dise\u00f1o para seguir patinando despu\u00e9s de patinar","og_description":"Suscr\u00edbete al bolet\u00edn de Nosebonk y recibe historias, arte y dise\u00f1o del skate, contadas desde la obsesi\u00f3n y el amor por el pat\u00edn.","og_url":"https:\/\/nosebonk.com\/es\/newsletter-2\/","og_site_name":"Nosebonk Skateboarding","article_modified_time":"2025-10-29T07:48:11+00:00","twitter_card":"summary_large_image","twitter_misc":{"Tiempo de lectura":"1 minuto"},"schema":{"@context":"https:\/\/schema.org","@graph":[{"@type":"WebPage","@id":"https:\/\/nosebonk.com\/es\/newsletter-2\/","url":"https:\/\/nosebonk.com\/es\/newsletter-2\/","name":"Newsletter: Skate, arte y dise\u00f1o para seguir patinando despu\u00e9s de patinar","isPartOf":{"@id":"https:\/\/nosebonk.com\/es\/#website"},"datePublished":"2025-10-29T07:32:16+00:00","dateModified":"2025-10-29T07:48:11+00:00","description":"Suscr\u00edbete al bolet\u00edn de Nosebonk y recibe historias, arte y dise\u00f1o del skate, contadas desde la obsesi\u00f3n y el amor por el pat\u00edn.","breadcrumb":{"@id":"https:\/\/nosebonk.com\/es\/newsletter-2\/#breadcrumb"},"inLanguage":"es","potentialAction":[{"@type":"ReadAction","target":["https:\/\/nosebonk.com\/es\/newsletter-2\/"]}]},{"@type":"BreadcrumbList","@id":"https:\/\/nosebonk.com\/es\/newsletter-2\/#breadcrumb","itemListElement":[{"@type":"ListItem","position":1,"name":"Portada","item":"https:\/\/nosebonk.com\/es\/"},{"@type":"ListItem","position":2,"name":"Newsletter \u2014 historias, arte y skate de Nosebonk"}]},{"@type":"WebSite","@id":"https:\/\/nosebonk.com\/es\/#website","url":"https:\/\/nosebonk.com\/es\/","name":"Nosebonk Skateboarding","description":"Independent skate tees &amp; prints ","publisher":{"@id":"https:\/\/nosebonk.com\/es\/#\/schema\/person\/35d9a31235d28baa9bbffeb465f69245"},"alternateName":"Nosebonk","potentialAction":[{"@type":"SearchAction","target":{"@type":"EntryPoint","urlTemplate":"https:\/\/nosebonk.com\/es\/?s={search_term_string}"},"query-input":{"@type":"PropertyValueSpecification","valueRequired":true,"valueName":"search_term_string"}}],"inLanguage":"es"},{"@type":["Person","Organization"],"@id":"https:\/\/nosebonk.com\/es\/#\/schema\/person\/35d9a31235d28baa9bbffeb465f69245","name":"Erik Ziegler","image":{"@type":"ImageObject","inLanguage":"es","@id":"https:\/\/nosebonk.com\/wp-content\/uploads\/2024\/09\/1650294545555.jpeg","url":"https:\/\/nosebonk.com\/wp-content\/uploads\/2024\/09\/1650294545555.jpeg","contentUrl":"https:\/\/nosebonk.com\/wp-content\/uploads\/2024\/09\/1650294545555.jpeg","width":200,"height":200,"caption":"Erik Ziegler"},"logo":{"@id":"https:\/\/nosebonk.com\/wp-content\/uploads\/2024\/09\/1650294545555.jpeg"},"sameAs":["https:\/\/nosebonk.com","https:\/\/www.instagram.com\/nosebonkgraphics\/","https:\/\/www.linkedin.com\/in\/erikziegler-design\/?originalSubdomain=es"]}]}},"uagb_featured_image_src":{"full":false,"thumbnail":false,"medium":false,"medium_large":false,"large":false,"1536x1536":false,"2048x2048":false,"woocommerce_thumbnail":false,"woocommerce_single":false,"woocommerce_gallery_thumbnail":false},"uagb_author_info":{"display_name":"Erik Ziegler","author_link":"https:\/\/nosebonk.com\/es\/author\/koentowavegmail-com\/"},"uagb_comment_info":0,"uagb_excerpt":null,"_links":{"self":[{"href":"https:\/\/nosebonk.com\/es\/wp-json\/wp\/v2\/pages\/9956","targetHints":{"allow":["GET"]}}],"collection":[{"href":"https:\/\/nosebonk.com\/es\/wp-json\/wp\/v2\/pages"}],"about":[{"href":"https:\/\/nosebonk.com\/es\/wp-json\/wp\/v2\/types\/page"}],"author":[{"embeddable":true,"href":"https:\/\/nosebonk.com\/es\/wp-json\/wp\/v2\/users\/1"}],"replies":[{"embeddable":true,"href":"https:\/\/nosebonk.com\/es\/wp-json\/wp\/v2\/comments?post=9956"}],"version-history":[{"count":2,"href":"https:\/\/nosebonk.com\/es\/wp-json\/wp\/v2\/pages\/9956\/revisions"}],"predecessor-version":[{"id":9959,"href":"https:\/\/nosebonk.com\/es\/wp-json\/wp\/v2\/pages\/9956\/revisions\/9959"}],"wp:attachment":[{"href":"https:\/\/nosebonk.com\/es\/wp-json\/wp\/v2\/media?parent=9956"}],"curies":[{"name":"wp","href":"https:\/\/api.w.org\/{rel}","templated":true}]}}