{"id":10633,"date":"2025-12-15T21:52:36","date_gmt":"2025-12-15T20:52:36","guid":{"rendered":"https:\/\/nosebonk.com\/product\/grind-kings-skate-tee-issue-01\/"},"modified":"2026-03-01T12:27:07","modified_gmt":"2026-03-01T11:27:07","slug":"camiseta-skate-grind-kings","status":"publish","type":"product","link":"https:\/\/nosebonk.com\/es\/producto\/camiseta-skate-grind-kings\/","title":{"rendered":"Grind Kings Camiseta \u00b7 Issue 01"},"content":{"rendered":"<h2 style=\"text-align: left;\"><img decoding=\"async\" class=\"alignleft\" src=\"https:\/\/nosebonk.com\/wp-content\/uploads\/2025\/12\/nosebonk-burger-178x300.gif\" alt=\"\" width=\"73\" height=\"123\" \/>Grind Kings es el primer drop de camisetas de la serie Nosebonkeable Icons.<\/h2>\n<p style=\"text-align: left;\">Unas patatas fritas 100 % grindables. Obsesi\u00f3n skatera por los grinds, los slappies y los spots DIY. Este proyecto no va de las marcas.<br \/>\nVa de reinterpretar s\u00edmbolos cotidianos desde el lenguaje del skate: gr\u00e1ficos independientes, tiradas peque\u00f1as y piezas creadas desde nuestro estudio en Madrid.<\/p>\n<h3 data-start=\"636\" data-end=\"650\">Producci\u00f3n<\/h3>\n<ul>\n<li data-start=\"652\" data-end=\"773\">Hecha bajo pedido en nuestro taller en Madrid.<\/li>\n<li data-start=\"652\" data-end=\"773\">Producci\u00f3n: 7\u201314 d\u00edas laborables.<\/li>\n<li data-start=\"652\" data-end=\"773\">Env\u00edo con seguimiento una vez lista.<\/li>\n<\/ul>\n","protected":false},"excerpt":{"rendered":"<p data-start=\"266\" data-end=\"411\">Parte de <strong data-start=\"275\" data-end=\"298\">Nosebonkeable Icons<\/strong> \u2014 una serie que reimagina s\u00edmbolos cotidianos en gr\u00e1ficos patinables. Slappies apetitosos, patatas grindables.<\/p>\n<p data-start=\"413\" data-end=\"528\">Dise\u00f1ada, impresa y empaquetada por skaters en nuestro taller en Madrid. Hecha bajo pedido \u00b7 Sin sobreproducci\u00f3n.<\/p>\n<p data-start=\"530\" data-end=\"583\"><strong>Corte unisex \u00b7 talla normal<\/strong><br data-start=\"557\" data-end=\"560\" \/>205 g\/m\u00b2 \u00b7 100% algod\u00f3n<\/p>\n","protected":false},"featured_media":11295,"template":"","meta":{"inline_featured_image":false,"_uag_custom_page_level_css":"","site-sidebar-layout":"default","site-content-layout":"","ast-site-content-layout":"default","site-content-style":"default","site-sidebar-style":"default","ast-global-header-display":"","ast-banner-title-visibility":"","ast-main-header-display":"","ast-hfb-above-header-display":"","ast-hfb-below-header-display":"","ast-hfb-mobile-header-display":"","site-post-title":"","ast-breadcrumbs-content":"","ast-featured-img":"","footer-sml-layout":"","ast-disable-related-posts":"","theme-transparent-header-meta":"default","adv-header-id-meta":"","stick-header-meta":"default","header-above-stick-meta":"","header-main-stick-meta":"","header-below-stick-meta":"","astra-migrate-meta-layouts":"set","ast-page-background-enabled":"default","ast-page-background-meta":{"desktop":{"background-color":"var(--ast-global-color-4)","background-image":"","background-repeat":"repeat","background-position":"center center","background-size":"auto","background-attachment":"scroll","background-type":"","background-media":"","overlay-type":"","overlay-color":"","overlay-opacity":"","overlay-gradient":""},"tablet":{"background-color":"","background-image":"","background-repeat":"repeat","background-position":"center center","background-size":"auto","background-attachment":"scroll","background-type":"","background-media":"","overlay-type":"","overlay-color":"","overlay-opacity":"","overlay-gradient":""},"mobile":{"background-color":"","background-image":"","background-repeat":"repeat","background-position":"center center","background-size":"auto","background-attachment":"scroll","background-type":"","background-media":"","overlay-type":"","overlay-color":"","overlay-opacity":"","overlay-gradient":""}},"ast-content-background-meta":{"desktop":{"background-color":"var(--ast-global-color-5)","background-image":"","background-repeat":"repeat","background-position":"center center","background-size":"auto","background-attachment":"scroll","background-type":"","background-media":"","overlay-type":"","overlay-color":"","overlay-opacity":"","overlay-gradient":""},"tablet":{"background-color":"var(--ast-global-color-5)","background-image":"","background-repeat":"repeat","background-position":"center center","background-size":"auto","background-attachment":"scroll","background-type":"","background-media":"","overlay-type":"","overlay-color":"","overlay-opacity":"","overlay-gradient":""},"mobile":{"background-color":"var(--ast-global-color-5)","background-image":"","background-repeat":"repeat","background-position":"center center","background-size":"auto","background-attachment":"scroll","background-type":"","background-media":"","overlay-type":"","overlay-color":"","overlay-opacity":"","overlay-gradient":""}}},"product_brand":[102],"product_cat":[263,264],"product_tag":[],"class_list":{"0":"post-10633","1":"product","2":"type-product","3":"status-publish","4":"has-post-thumbnail","6":"product_brand-nosebonk","7":"product_cat-skate-t-shirts","8":"product_cat-t-shirt","9":"desktop-align-left","10":"tablet-align-left","11":"mobile-align-left","12":"ast-product-gallery-layout-horizontal-slider","13":"ast-magnify-disabled","14":"ast-product-tabs-layout-accordion","16":"first","17":"instock","18":"featured","19":"taxable","20":"shipping-taxable","21":"purchasable","22":"product-type-simple"},"yoast_head":"<!-- This site is optimized with the Yoast SEO plugin v27.4 - https:\/\/yoast.com\/product\/yoast-seo-wordpress\/ -->\n<title>Camiseta de skate Grind Kings \u2013 Impresa en Madrid por Nosebonk<\/title>\n<meta name=\"description\" content=\"Descubre la camiseta de skate Grind Kings de Nosebonk. Impresa en nuestro taller en Madrid. Producci\u00f3n independiente, sin sobreproducci\u00f3n. Consigue la tuya.\" \/>\n<meta name=\"robots\" content=\"index, follow, max-snippet:-1, max-image-preview:large, max-video-preview:-1\" \/>\n<link rel=\"canonical\" href=\"https:\/\/nosebonk.com\/es\/producto\/camiseta-skate-grind-kings\/\" \/>\n<meta property=\"og:locale\" content=\"es_ES\" \/>\n<meta property=\"og:type\" content=\"article\" \/>\n<meta property=\"og:title\" content=\"Camiseta de skate Grind Kings \u2013 Impresa en Madrid por Nosebonk\" \/>\n<meta property=\"og:description\" content=\"Descubre la camiseta de skate Grind Kings de Nosebonk. Impresa en nuestro taller en Madrid. Producci\u00f3n independiente, sin sobreproducci\u00f3n. Consigue la tuya.\" \/>\n<meta property=\"og:url\" content=\"https:\/\/nosebonk.com\/es\/producto\/camiseta-skate-grind-kings\/\" \/>\n<meta property=\"og:site_name\" content=\"Nosebonk Skateboarding\" \/>\n<meta property=\"article:modified_time\" content=\"2026-03-01T11:27:07+00:00\" \/>\n<meta property=\"og:image\" content=\"https:\/\/nosebonk.com\/wp-content\/uploads\/2025\/12\/Grind-Kings-Skate-Tee-\u2013-nosebonk-back-1080x1440-3.webp\" \/>\n\t<meta property=\"og:image:width\" content=\"1080\" \/>\n\t<meta property=\"og:image:height\" content=\"1440\" \/>\n\t<meta property=\"og:image:type\" content=\"image\/webp\" \/>\n<meta name=\"twitter:card\" content=\"summary_large_image\" \/>\n<meta name=\"twitter:label1\" content=\"Tiempo de lectura\" \/>\n\t<meta name=\"twitter:data1\" content=\"1 minuto\" \/>\n<script type=\"application\/ld+json\" class=\"yoast-schema-graph\">{\"@context\":\"https:\\\/\\\/schema.org\",\"@graph\":[{\"@type\":\"WebPage\",\"@id\":\"https:\\\/\\\/nosebonk.com\\\/es\\\/producto\\\/camiseta-skate-grind-kings\\\/\",\"url\":\"https:\\\/\\\/nosebonk.com\\\/es\\\/producto\\\/camiseta-skate-grind-kings\\\/\",\"name\":\"Camiseta de skate Grind Kings \u2013 Impresa en Madrid por Nosebonk\",\"isPartOf\":{\"@id\":\"https:\\\/\\\/nosebonk.com\\\/es\\\/#website\"},\"primaryImageOfPage\":{\"@id\":\"https:\\\/\\\/nosebonk.com\\\/es\\\/producto\\\/camiseta-skate-grind-kings\\\/#primaryimage\"},\"image\":{\"@id\":\"https:\\\/\\\/nosebonk.com\\\/es\\\/producto\\\/camiseta-skate-grind-kings\\\/#primaryimage\"},\"thumbnailUrl\":\"https:\\\/\\\/nosebonk.com\\\/wp-content\\\/uploads\\\/2025\\\/12\\\/Grind-Kings-Skate-Tee-\u2013-nosebonk-back-1080x1440-3.webp\",\"datePublished\":\"2025-12-15T20:52:36+00:00\",\"dateModified\":\"2026-03-01T11:27:07+00:00\",\"description\":\"Descubre la camiseta de skate Grind Kings de Nosebonk. Impresa en nuestro taller en Madrid. Producci\u00f3n independiente, sin sobreproducci\u00f3n. Consigue la tuya.\",\"breadcrumb\":{\"@id\":\"https:\\\/\\\/nosebonk.com\\\/es\\\/producto\\\/camiseta-skate-grind-kings\\\/#breadcrumb\"},\"inLanguage\":\"es\",\"potentialAction\":[{\"@type\":\"ReadAction\",\"target\":[\"https:\\\/\\\/nosebonk.com\\\/es\\\/producto\\\/camiseta-skate-grind-kings\\\/\"]}]},{\"@type\":\"ImageObject\",\"inLanguage\":\"es\",\"@id\":\"https:\\\/\\\/nosebonk.com\\\/es\\\/producto\\\/camiseta-skate-grind-kings\\\/#primaryimage\",\"url\":\"https:\\\/\\\/nosebonk.com\\\/wp-content\\\/uploads\\\/2025\\\/12\\\/Grind-Kings-Skate-Tee-\u2013-nosebonk-back-1080x1440-3.webp\",\"contentUrl\":\"https:\\\/\\\/nosebonk.com\\\/wp-content\\\/uploads\\\/2025\\\/12\\\/Grind-Kings-Skate-Tee-\u2013-nosebonk-back-1080x1440-3.webp\",\"width\":1080,\"height\":1440,\"caption\":\"Grind Kings Skate Tee \u2014 back graphic inspired by slappy curbs\"},{\"@type\":\"BreadcrumbList\",\"@id\":\"https:\\\/\\\/nosebonk.com\\\/es\\\/producto\\\/camiseta-skate-grind-kings\\\/#breadcrumb\",\"itemListElement\":[{\"@type\":\"ListItem\",\"position\":1,\"name\":\"Portada\",\"item\":\"https:\\\/\\\/nosebonk.com\\\/es\\\/\"},{\"@type\":\"ListItem\",\"position\":2,\"name\":\"Tienda Nosebonk\",\"item\":\"https:\\\/\\\/nosebonk.com\\\/es\\\/tienda-nosebonk\\\/\"},{\"@type\":\"ListItem\",\"position\":3,\"name\":\"Grind Kings Camiseta \u00b7 Issue 01\"}]},{\"@type\":\"WebSite\",\"@id\":\"https:\\\/\\\/nosebonk.com\\\/es\\\/#website\",\"url\":\"https:\\\/\\\/nosebonk.com\\\/es\\\/\",\"name\":\"Nosebonk Skateboarding\",\"description\":\"Independent skate tees &amp; prints \",\"publisher\":{\"@id\":\"https:\\\/\\\/nosebonk.com\\\/es\\\/#\\\/schema\\\/person\\\/35d9a31235d28baa9bbffeb465f69245\"},\"alternateName\":\"Nosebonk\",\"potentialAction\":[{\"@type\":\"SearchAction\",\"target\":{\"@type\":\"EntryPoint\",\"urlTemplate\":\"https:\\\/\\\/nosebonk.com\\\/es\\\/?s={search_term_string}\"},\"query-input\":{\"@type\":\"PropertyValueSpecification\",\"valueRequired\":true,\"valueName\":\"search_term_string\"}}],\"inLanguage\":\"es\"},{\"@type\":[\"Person\",\"Organization\"],\"@id\":\"https:\\\/\\\/nosebonk.com\\\/es\\\/#\\\/schema\\\/person\\\/35d9a31235d28baa9bbffeb465f69245\",\"name\":\"Erik Ziegler\",\"image\":{\"@type\":\"ImageObject\",\"inLanguage\":\"es\",\"@id\":\"https:\\\/\\\/nosebonk.com\\\/wp-content\\\/uploads\\\/2024\\\/09\\\/1650294545555.jpeg\",\"url\":\"https:\\\/\\\/nosebonk.com\\\/wp-content\\\/uploads\\\/2024\\\/09\\\/1650294545555.jpeg\",\"contentUrl\":\"https:\\\/\\\/nosebonk.com\\\/wp-content\\\/uploads\\\/2024\\\/09\\\/1650294545555.jpeg\",\"width\":200,\"height\":200,\"caption\":\"Erik Ziegler\"},\"logo\":{\"@id\":\"https:\\\/\\\/nosebonk.com\\\/wp-content\\\/uploads\\\/2024\\\/09\\\/1650294545555.jpeg\"},\"sameAs\":[\"https:\\\/\\\/nosebonk.com\",\"https:\\\/\\\/www.instagram.com\\\/nosebonkgraphics\\\/\",\"https:\\\/\\\/www.linkedin.com\\\/in\\\/erikziegler-design\\\/?originalSubdomain=es\"]}]}<\/script>\n<!-- \/ Yoast SEO plugin. -->","yoast_head_json":{"title":"Camiseta de skate Grind Kings \u2013 Impresa en Madrid por Nosebonk","description":"Descubre la camiseta de skate Grind Kings de Nosebonk. Impresa en nuestro taller en Madrid. Producci\u00f3n independiente, sin sobreproducci\u00f3n. Consigue la tuya.","robots":{"index":"index","follow":"follow","max-snippet":"max-snippet:-1","max-image-preview":"max-image-preview:large","max-video-preview":"max-video-preview:-1"},"canonical":"https:\/\/nosebonk.com\/es\/producto\/camiseta-skate-grind-kings\/","og_locale":"es_ES","og_type":"article","og_title":"Camiseta de skate Grind Kings \u2013 Impresa en Madrid por Nosebonk","og_description":"Descubre la camiseta de skate Grind Kings de Nosebonk. Impresa en nuestro taller en Madrid. Producci\u00f3n independiente, sin sobreproducci\u00f3n. Consigue la tuya.","og_url":"https:\/\/nosebonk.com\/es\/producto\/camiseta-skate-grind-kings\/","og_site_name":"Nosebonk Skateboarding","article_modified_time":"2026-03-01T11:27:07+00:00","og_image":[{"width":1080,"height":1440,"url":"https:\/\/nosebonk.com\/wp-content\/uploads\/2025\/12\/Grind-Kings-Skate-Tee-\u2013-nosebonk-back-1080x1440-3.webp","type":"image\/webp"}],"twitter_card":"summary_large_image","twitter_misc":{"Tiempo de lectura":"1 minuto"},"schema":{"@context":"https:\/\/schema.org","@graph":[{"@type":"WebPage","@id":"https:\/\/nosebonk.com\/es\/producto\/camiseta-skate-grind-kings\/","url":"https:\/\/nosebonk.com\/es\/producto\/camiseta-skate-grind-kings\/","name":"Camiseta de skate Grind Kings \u2013 Impresa en Madrid por Nosebonk","isPartOf":{"@id":"https:\/\/nosebonk.com\/es\/#website"},"primaryImageOfPage":{"@id":"https:\/\/nosebonk.com\/es\/producto\/camiseta-skate-grind-kings\/#primaryimage"},"image":{"@id":"https:\/\/nosebonk.com\/es\/producto\/camiseta-skate-grind-kings\/#primaryimage"},"thumbnailUrl":"https:\/\/nosebonk.com\/wp-content\/uploads\/2025\/12\/Grind-Kings-Skate-Tee-\u2013-nosebonk-back-1080x1440-3.webp","datePublished":"2025-12-15T20:52:36+00:00","dateModified":"2026-03-01T11:27:07+00:00","description":"Descubre la camiseta de skate Grind Kings de Nosebonk. Impresa en nuestro taller en Madrid. Producci\u00f3n independiente, sin sobreproducci\u00f3n. Consigue la tuya.","breadcrumb":{"@id":"https:\/\/nosebonk.com\/es\/producto\/camiseta-skate-grind-kings\/#breadcrumb"},"inLanguage":"es","potentialAction":[{"@type":"ReadAction","target":["https:\/\/nosebonk.com\/es\/producto\/camiseta-skate-grind-kings\/"]}]},{"@type":"ImageObject","inLanguage":"es","@id":"https:\/\/nosebonk.com\/es\/producto\/camiseta-skate-grind-kings\/#primaryimage","url":"https:\/\/nosebonk.com\/wp-content\/uploads\/2025\/12\/Grind-Kings-Skate-Tee-\u2013-nosebonk-back-1080x1440-3.webp","contentUrl":"https:\/\/nosebonk.com\/wp-content\/uploads\/2025\/12\/Grind-Kings-Skate-Tee-\u2013-nosebonk-back-1080x1440-3.webp","width":1080,"height":1440,"caption":"Grind Kings Skate Tee \u2014 back graphic inspired by slappy curbs"},{"@type":"BreadcrumbList","@id":"https:\/\/nosebonk.com\/es\/producto\/camiseta-skate-grind-kings\/#breadcrumb","itemListElement":[{"@type":"ListItem","position":1,"name":"Portada","item":"https:\/\/nosebonk.com\/es\/"},{"@type":"ListItem","position":2,"name":"Tienda Nosebonk","item":"https:\/\/nosebonk.com\/es\/tienda-nosebonk\/"},{"@type":"ListItem","position":3,"name":"Grind Kings Camiseta \u00b7 Issue 01"}]},{"@type":"WebSite","@id":"https:\/\/nosebonk.com\/es\/#website","url":"https:\/\/nosebonk.com\/es\/","name":"Nosebonk Skateboarding","description":"Independent skate tees &amp; prints ","publisher":{"@id":"https:\/\/nosebonk.com\/es\/#\/schema\/person\/35d9a31235d28baa9bbffeb465f69245"},"alternateName":"Nosebonk","potentialAction":[{"@type":"SearchAction","target":{"@type":"EntryPoint","urlTemplate":"https:\/\/nosebonk.com\/es\/?s={search_term_string}"},"query-input":{"@type":"PropertyValueSpecification","valueRequired":true,"valueName":"search_term_string"}}],"inLanguage":"es"},{"@type":["Person","Organization"],"@id":"https:\/\/nosebonk.com\/es\/#\/schema\/person\/35d9a31235d28baa9bbffeb465f69245","name":"Erik Ziegler","image":{"@type":"ImageObject","inLanguage":"es","@id":"https:\/\/nosebonk.com\/wp-content\/uploads\/2024\/09\/1650294545555.jpeg","url":"https:\/\/nosebonk.com\/wp-content\/uploads\/2024\/09\/1650294545555.jpeg","contentUrl":"https:\/\/nosebonk.com\/wp-content\/uploads\/2024\/09\/1650294545555.jpeg","width":200,"height":200,"caption":"Erik Ziegler"},"logo":{"@id":"https:\/\/nosebonk.com\/wp-content\/uploads\/2024\/09\/1650294545555.jpeg"},"sameAs":["https:\/\/nosebonk.com","https:\/\/www.instagram.com\/nosebonkgraphics\/","https:\/\/www.linkedin.com\/in\/erikziegler-design\/?originalSubdomain=es"]}]}},"uagb_featured_image_src":{"full":["https:\/\/nosebonk.com\/wp-content\/uploads\/2025\/12\/Grind-Kings-Skate-Tee-\u2013-nosebonk-back-1080x1440-3.webp",1080,1440,false],"thumbnail":["https:\/\/nosebonk.com\/wp-content\/uploads\/2025\/12\/Grind-Kings-Skate-Tee-\u2013-nosebonk-back-1080x1440-3-150x150.webp",150,150,true],"medium":["https:\/\/nosebonk.com\/wp-content\/uploads\/2025\/12\/Grind-Kings-Skate-Tee-\u2013-nosebonk-back-1080x1440-3-225x300.webp",225,300,true],"medium_large":["https:\/\/nosebonk.com\/wp-content\/uploads\/2025\/12\/Grind-Kings-Skate-Tee-\u2013-nosebonk-back-1080x1440-3-768x1024.webp",768,1024,true],"large":["https:\/\/nosebonk.com\/wp-content\/uploads\/2025\/12\/Grind-Kings-Skate-Tee-\u2013-nosebonk-back-1080x1440-3-768x1024.webp",768,1024,true],"1536x1536":["https:\/\/nosebonk.com\/wp-content\/uploads\/2025\/12\/Grind-Kings-Skate-Tee-\u2013-nosebonk-back-1080x1440-3.webp",1080,1440,false],"2048x2048":["https:\/\/nosebonk.com\/wp-content\/uploads\/2025\/12\/Grind-Kings-Skate-Tee-\u2013-nosebonk-back-1080x1440-3.webp",1080,1440,false],"woocommerce_thumbnail":["https:\/\/nosebonk.com\/wp-content\/uploads\/2025\/12\/Grind-Kings-Skate-Tee-\u2013-nosebonk-back-1080x1440-3.webp",1080,1440,false],"woocommerce_single":["https:\/\/nosebonk.com\/wp-content\/uploads\/2025\/12\/Grind-Kings-Skate-Tee-\u2013-nosebonk-back-1080x1440-3.webp",1080,1440,false],"woocommerce_gallery_thumbnail":["https:\/\/nosebonk.com\/wp-content\/uploads\/2025\/12\/Grind-Kings-Skate-Tee-\u2013-nosebonk-back-1080x1440-3-100x100.webp",100,100,true]},"uagb_author_info":{"display_name":"Erik Ziegler","author_link":"https:\/\/nosebonk.com\/es\/author\/"},"uagb_comment_info":0,"uagb_excerpt":"Parte de Nosebonkeable Icons \u2014 una serie que reimagina s\u00edmbolos cotidianos en gr\u00e1ficos patinables. Slappies apetitosos, patatas grindables. Dise\u00f1ada, impresa y empaquetada por skaters en nuestro taller en Madrid. Hecha bajo pedido \u00b7 Sin sobreproducci\u00f3n. Corte unisex \u00b7 talla normal205 g\/m\u00b2 \u00b7 100% algod\u00f3n","_links":{"self":[{"href":"https:\/\/nosebonk.com\/es\/wp-json\/wp\/v2\/product\/10633","targetHints":{"allow":["GET"]}}],"collection":[{"href":"https:\/\/nosebonk.com\/es\/wp-json\/wp\/v2\/product"}],"about":[{"href":"https:\/\/nosebonk.com\/es\/wp-json\/wp\/v2\/types\/product"}],"wp:featuredmedia":[{"embeddable":true,"href":"https:\/\/nosebonk.com\/es\/wp-json\/wp\/v2\/media\/11295"}],"wp:attachment":[{"href":"https:\/\/nosebonk.com\/es\/wp-json\/wp\/v2\/media?parent=10633"}],"wp:term":[{"taxonomy":"product_brand","embeddable":true,"href":"https:\/\/nosebonk.com\/es\/wp-json\/wp\/v2\/product_brand?post=10633"},{"taxonomy":"product_cat","embeddable":true,"href":"https:\/\/nosebonk.com\/es\/wp-json\/wp\/v2\/product_cat?post=10633"},{"taxonomy":"product_tag","embeddable":true,"href":"https:\/\/nosebonk.com\/es\/wp-json\/wp\/v2\/product_tag?post=10633"}],"curies":[{"name":"wp","href":"https:\/\/api.w.org\/{rel}","templated":true}]}}